{"id":32,"date":"2024-11-18T04:30:00","date_gmt":"2024-11-18T02:30:00","guid":{"rendered":"http:\/\/www.wsmjasien.pl\/\/?page_id=32"},"modified":"2025-11-24T21:00:49","modified_gmt":"2025-11-24T19:00:49","slug":"dostep-dla-czlonkow","status":"publish","type":"page","link":"https:\/\/wsmjasien.pl\/?page_id=32","title":{"rendered":"DLA CZ\u0141ONK\u00d3W"},"content":{"rendered":"<p><strong>Materia\u0142y na Walne Zgromadzenie:<\/strong><\/p>\n<p>\u00a0<\/p>\n\n\n<ul><li><a href=\"https:\/\/wsmjasien.pl\/wp-content\/uploads\/2025\/11\/Zawiadomienie-o-III-czesci-WZ.pdf\" data-type=\"URL\" data-id=\"https:\/\/wsmjasien.pl\/wp-content\/uploads\/2025\/11\/Zawiadomienie-o-III-czesci-WZ.pdf\">Zawiadomienie<\/a><\/li><\/ul>\n\n\n\n<p><\/p>\n\n\n\n<ul><li><a href=\"https:\/\/wsmjasien.pl\/wp-content\/uploads\/2025\/09\/Zawiadomienie-o-2cz.pdf\" data-type=\"URL\" data-id=\"https:\/\/wsmjasien.pl\/wp-content\/uploads\/2025\/09\/Zawiadomienie-o-2cz.pdf\">Zawiadomienie<\/a><\/li><\/ul>\n\n\n\n<figure class=\"wp-block-image\"><img alt=\"\"\/><\/figure>\n\n\n\n<ol><li><a href=\"\/pliki\/wz-2025_2025\/1._ZAWIADOMIENIE_O_WALNYM_2025_-_ZMIENIONY_PORZADEK_OBRAD.pdf\" data-type=\"URL\" data-id=\"\/pliki\/wz-2025_2025\/1._ZAWIADOMIENIE_O_WALNYM_2025_-_ZMIENIONY_PORZADEK_OBRAD.pdf\">Zawiadomienie<\/a><\/li><li><a href=\"\/pliki\/wz-2025_2025\/2._SPRAWOZDANIE_RADY_NADZORCZEJ.pdf\" data-type=\"URL\" data-id=\"\/pliki\/wz-2025_2025\/2._SPRAWOZDANIE_RADY_NADZORCZEJ.pdf\">Sprawozdanie Rady Nadzorczej<\/a><\/li><li><a href=\"\/pliki\/wz-2025_2025\/3._SPRAWOZDANIE_ZARZADU_ZA_2024_ROK.pdf\" data-type=\"URL\" data-id=\"\/pliki\/wz-2025_2025\/3._SPRAWOZDANIE_ZARZADU_ZA_2024_ROK.pdf\">Sprawozdanie Zarz\u0105du za 2024 rok<\/a><\/li><li><a href=\"\/pliki\/wz-2025_2025\/4._SPRAWOZDANIE_FINANSOWE_ZA_2024_ROK.pdf\" data-type=\"URL\" data-id=\"\/pliki\/wz-2025_2025\/4._SPRAWOZDANIE_FINANSOWE_ZA_2024_ROK.pdf\">Sprawozdanie finansowe za 2024 rok<\/a><\/li><li><a href=\"\/pliki\/wz-2025_2025\/5._SPRAWOZDANIE_BIEGLEGO_REWIDENTA.pdf\" data-type=\"URL\" data-id=\"\/pliki\/wz-2025_2025\/5._SPRAWOZDANIE_BIEGLEGO_REWIDENTA.pdf\">Sprawozdanie bieg\u0142ego rewidenta<\/a><\/li><li><a href=\"\/pliki\/wz-2025_2025\/6._PROJEKTY_UCHWAL_N.pdf\" data-type=\"URL\" data-id=\"\/pliki\/wz-2025_2025\/6._PROJEKTY_UCHWAL_N.pdf\">Projekty uchwa\u0142<\/a><\/li><\/ol>\n\n\n\n<p><\/p>\n","protected":false},"excerpt":{"rendered":"<p>Materia\u0142y na Walne Zgromadzenie: \u00a0 Zawiadomienie Zawiadomienie Zawiadomienie Sprawozdanie Rady Nadzorczej Sprawozdanie Zarz\u0105du za 2024 rok Sprawozdanie finansowe za 2024 rok Sprawozdanie bieg\u0142ego rewidenta Projekty uchwa\u0142<\/p>\n","protected":false},"author":1,"featured_media":0,"parent":0,"menu_order":4,"comment_status":"closed","ping_status":"closed","template":"","meta":[],"_links":{"self":[{"href":"https:\/\/wsmjasien.pl\/index.php?rest_route=\/wp\/v2\/pages\/32"}],"collection":[{"href":"https:\/\/wsmjasien.pl\/index.php?rest_route=\/wp\/v2\/pages"}],"about":[{"href":"https:\/\/wsmjasien.pl\/index.php?rest_route=\/wp\/v2\/types\/page"}],"author":[{"embeddable":true,"href":"https:\/\/wsmjasien.pl\/index.php?rest_route=\/wp\/v2\/users\/1"}],"replies":[{"embeddable":true,"href":"https:\/\/wsmjasien.pl\/index.php?rest_route=%2Fwp%2Fv2%2Fcomments&post=32"}],"version-history":[{"count":79,"href":"https:\/\/wsmjasien.pl\/index.php?rest_route=\/wp\/v2\/pages\/32\/revisions"}],"predecessor-version":[{"id":5131,"href":"https:\/\/wsmjasien.pl\/index.php?rest_route=\/wp\/v2\/pages\/32\/revisions\/5131"}],"wp:attachment":[{"href":"https:\/\/wsmjasien.pl\/index.php?rest_route=%2Fwp%2Fv2%2Fmedia&parent=32"}],"curies":[{"name":"wp","href":"https:\/\/api.w.org\/{rel}","templated":true}]}}