{"id":5,"date":"2012-01-01T00:00:14","date_gmt":"2012-01-01T00:00:14","guid":{"rendered":"http:\/\/www.wsmjasien.pl\/\/?page_id=5"},"modified":"2025-04-23T16:42:08","modified_gmt":"2025-04-23T14:42:08","slug":"telefony-i-adresy","status":"publish","type":"page","link":"https:\/\/wsmjasien.pl\/?page_id=5","title":{"rendered":"TELEFONY"},"content":{"rendered":"<p style=\"text-align: center;\"><strong>W\u0142asno\u015bciowa Sp\u00f3\u0142dzielnia Mieszkaniowa Jasie\u0144<br \/><\/strong>ul. Damroki 1,\u00a080-177 Gda\u0144sk,<br \/>pawilon F II-pi\u0119tro<\/p>\n<p style=\"text-align: center;\"><em><strong><a href=\"mailto:zarzad@wsmjasien.pl\">zarzad@wsmjasien.pl<\/a><\/strong><\/em><\/p>\n<table id=\"tabela\" border=\"0\" width=\"63%\">\n<tbody>\n<tr>\n<td width=\"42%\" height=\"27\"><strong>Numer telefonu do Sp\u00f3\u0142dzielni:<\/strong><\/td>\n<td width=\"20%\" height=\"27\"><strong>58 303-09-65<\/strong><\/td>\n<td width=\"38%\" height=\"27\">\u00a0<\/td>\n<\/tr>\n<tr>\n<td width=\"42%\" height=\"28\"><strong>Ksi\u0119gowo\u015b\u0107<\/strong><\/td>\n<td width=\"20%\" height=\"28\"><strong>numer 1<\/strong><\/td>\n<td width=\"38%\" height=\"28\">\u00a0<\/td>\n<\/tr>\n<tr>\n<td width=\"42%\" height=\"26\"><strong>Windykacja<\/strong><\/td>\n<td width=\"20%\" height=\"26\"><strong>numer 2<\/strong><\/td>\n<td width=\"38%\" height=\"26\">\u00a0<\/td>\n<\/tr>\n<tr>\n<td width=\"42%\" height=\"30\"><strong>Cz\u0142onkowski<\/strong><\/td>\n<td width=\"20%\" height=\"30\"><strong>numer 3<\/strong><\/td>\n<td width=\"38%\" height=\"30\">\u00a0<\/td>\n<\/tr>\n<tr>\n<td width=\"42%\" height=\"31\"><strong>Kadry<\/strong><\/td>\n<td width=\"20%\" height=\"31\"><strong>numer 4<\/strong><\/td>\n<td width=\"38%\" height=\"31\">\u00a0<\/td>\n<\/tr>\n<tr>\n<td width=\"42%\" height=\"27\"><strong>Eksploatacja-Techniczny<\/strong><\/td>\n<td width=\"20%\" height=\"27\"><strong>numer 5<\/strong><\/td>\n<td width=\"38%\" height=\"27\">\u00a0<\/td>\n<\/tr>\n<tr>\n<td style=\"text-align: center;\" colspan=\"3\" height=\"168\">Po ods\u0142uchaniu nagrania i braku wyboru kt\u00f3regokolwiek z powy\u017cszych numer\u00f3w,<br \/>system automatycznie po\u0142\u0105czy z sekretariatem.<hr size=\"1\" \/>\n<p style=\"text-align: center;\"><strong>Zg\u0142aszanie awarii poza godzinami pracy i w dni wolne &#8211; tel. 602 283 210<\/strong><\/p>\n<hr size=\"1\" \/>\n<p align=\"left\"><strong>KOMISARIAT POLICJI VIII w Gda\u0144sku<br \/>ul. Kartuska 245 B, tel. 47 741 68 22<\/strong><\/p>\n<p align=\"left\"><strong>Dzielnicowy Policji, ul. Kartuska 245B, tel. 47 741 68 19 \/ 571 335 074<\/strong><\/p>\n<hr \/>\n<p><strong>Telefon alarmowy \u2013 112<\/strong><\/p>\n<p style=\"text-align: center;\">W sytuacjach zagro\u017cenia zdrowia, \u017cycia, mienia, spo\u017cywania alkoholu w miejscach<br \/>og\u00f3lnodost\u0119pnych, zak\u0142\u00f3cenia ciszy, po\u017caru lub zaistnienia innych zdarze\u0144<br \/>wymagaj\u0105cych interwencji specjalistycznych s\u0142u\u017cb takich jak Policja. Pa\u0144stwowa Stra\u017c<br \/>Po\u017carna lub Pa\u0144stwowe Ratownictwo Medyczne prosimy o korzystanie z ww. numeru<br \/>telefonu dost\u0119pnego przez ca\u0142\u0105 dob\u0119 we wszystkie dni tygodnia.<\/p>\n<hr size=\"1\" \/>\n<p align=\"left\"><strong>Stra\u017c Miejska &#8211; tel. 58 301-30-11 lub 986<br \/><\/strong><strong>Pogotowie Gazowe &#8211; tel. 58 301-18-68 lub 982<br \/>Pogotowie Energetyczne &#8211; tel. 58 341-23-23 lub 991<br \/>Pogotowie Wodno-kanalizacyjne &#8211; tel. 58 301-20-67 lub 994<\/strong><strong><br \/><\/strong><strong><br \/><\/strong><\/p>\n<\/td>\n<\/tr>\n<\/tbody>\n<\/table>\n<p style=\"font-weight: 400; text-align: center;\">Wszelkie zg\u0142oszenia dot. niepoprawnego dzia\u0142ania dostarczanego sygna\u0142u TV nale\u017cy zg\u0142asza\u0107 na adres:<br \/>e-mail: <a href=\"mailto:zarzad@wsmjasien.pl\">zarzad@wsmjasien.pl<\/a>\u00a0lub<\/p>\n<p style=\"font-weight: 400; text-align: center;\">telefonicznie 58 303-09-75 lub 58 303-09-65<\/p>\n<p style=\"font-weight: 400;\"><strong>Zg\u0142oszenie powinno zawiera\u0107 :<br \/><\/strong>&#8211;\u00a0\u00a0\u00a0\u00a0\u00a0\u00a0\u00a0\u00a0<strong>adres abonenta,<br \/><\/strong>&#8211;\u00a0\u00a0\u00a0\u00a0\u00a0\u00a0\u00a0\u00a0<strong>telefon kontaktowy,<br \/><\/strong>&#8211;\u00a0\u00a0\u00a0\u00a0\u00a0\u00a0\u00a0\u00a0<strong>kr\u00f3tk\u0105 informacj\u0119 co nie dzia\u0142a.<\/strong><\/p>\n\n\n<p><\/p>\n","protected":false},"excerpt":{"rendered":"<p>W\u0142asno\u015bciowa Sp\u00f3\u0142dzielnia Mieszkaniowa Jasie\u0144ul. Damroki 1,\u00a080-177 Gda\u0144sk,pawilon F II-pi\u0119tro zarzad@wsmjasien.pl Numer telefonu do Sp\u00f3\u0142dzielni: 58 303-09-65 \u00a0 Ksi\u0119gowo\u015b\u0107 numer 1 \u00a0 Windykacja numer 2 \u00a0 Cz\u0142onkowski numer 3 \u00a0 Kadry numer 4 \u00a0 Eksploatacja-Techniczny numer 5 \u00a0 Po ods\u0142uchaniu nagrania i braku wyboru kt\u00f3regokolwiek z powy\u017cszych numer\u00f3w,system automatycznie po\u0142\u0105czy z sekretariatem. Zg\u0142aszanie awarii poza godzinami [&hellip;]<\/p>\n","protected":false},"author":1,"featured_media":0,"parent":0,"menu_order":1,"comment_status":"closed","ping_status":"closed","template":"","meta":[],"_links":{"self":[{"href":"https:\/\/wsmjasien.pl\/index.php?rest_route=\/wp\/v2\/pages\/5"}],"collection":[{"href":"https:\/\/wsmjasien.pl\/index.php?rest_route=\/wp\/v2\/pages"}],"about":[{"href":"https:\/\/wsmjasien.pl\/index.php?rest_route=\/wp\/v2\/types\/page"}],"author":[{"embeddable":true,"href":"https:\/\/wsmjasien.pl\/index.php?rest_route=\/wp\/v2\/users\/1"}],"replies":[{"embeddable":true,"href":"https:\/\/wsmjasien.pl\/index.php?rest_route=%2Fwp%2Fv2%2Fcomments&post=5"}],"version-history":[{"count":57,"href":"https:\/\/wsmjasien.pl\/index.php?rest_route=\/wp\/v2\/pages\/5\/revisions"}],"predecessor-version":[{"id":4911,"href":"https:\/\/wsmjasien.pl\/index.php?rest_route=\/wp\/v2\/pages\/5\/revisions\/4911"}],"wp:attachment":[{"href":"https:\/\/wsmjasien.pl\/index.php?rest_route=%2Fwp%2Fv2%2Fmedia&parent=5"}],"curies":[{"name":"wp","href":"https:\/\/api.w.org\/{rel}","templated":true}]}}