{"id":680,"date":"2013-04-10T11:55:48","date_gmt":"2013-04-10T11:55:48","guid":{"rendered":"http:\/\/www.wsmjasien.pl\/?page_id=680"},"modified":"2013-04-10T12:14:28","modified_gmt":"2013-04-10T12:14:28","slug":"cookie-policy","status":"publish","type":"page","link":"https:\/\/wsmjasien.pl\/?page_id=680","title":{"rendered":"POLITYKA COOKIES"},"content":{"rendered":"<p><strong>Cel wykorzystywania plik\u00f3w cookies oraz zasady korzystania z nich<\/strong><\/p>\n<p style=\"text-align: justify;\">Pliki &#8220;cookies&#8221; u\u017cywane na stronach internetowych wszystkich serwis\u00f3w Medi\u00f3w Regionalnych pozwalaj\u0105 naszym U\u017cytkownikom przede wszystkim na bezpieczne i jak najlepsze korzystanie z\u00a0nich. Pliki &#8220;cookies&#8221; umo\u017cliwiaj\u0105 mi\u0119dzy innymi logowanie do serwisu oraz odpowiedni\u0105 personalizacj\u0119 wy\u015bwietlanych na stronie dokument\u00f3w i informacji. Niniejsza Polityka dotycz\u0105ca plik\u00f3w &#8220;cookies&#8221; wyja\u015bnia, czym s\u0105 pliki &#8220;cookies&#8221;, jakie s\u0105 regu\u0142y ich stosowania w\u00a0serwisach Medi\u00f3w Regionalnych, oraz jakie p\u0142yn\u0105 korzy\u015bci z ich zastosowania.<\/p>\n<p><strong>Czym s\u0105 pliki &#8220;Cookies&#8221;<\/strong><\/p>\n<p style=\"text-align: justify;\"><strong><\/strong>&#8220;Cookies&#8221; s\u0105 to ma\u0142e pliki tekstowe, wysy\u0142ane i przechowywane na komputerze, smartfonie czy innych urz\u0105dzeniach, z kt\u00f3rych U\u017cytkownik \u0142\u0105czy si\u0119 z Internetem. Pliki te s\u0105 pomocne, gdy\u017c umo\u017cliwiaj\u0105 serwisowi rozpozna\u0107 urz\u0105dzenie U\u017cytkownika i odpowiednio si\u0119 wy\u015bwietli\u0107. W\u00a0serwisach Medi\u00f3w Regionalnych korzystamy z plik\u00f3w &#8220;cookies&#8221; z wielu powod\u00f3w, np.: aby dostosowa\u0107 nasze strony do preferencji u\u017cytkownik\u00f3w, u\u0142atwi\u0107 nawigacj\u0119 po stronach oraz zapewni\u0107 skuteczno\u015b\u0107 procedur bezpiecze\u0144stwa. Niekt\u00f3re z tych funkcji s\u0105 realizowane r\u00f3wnie\u017c przez inne rozwi\u0105zania technologiczne. Dlatego te\u017c niniejsza polityka dotycz\u0105ca plik\u00f3w &#8220;cookies&#8221; odnosi si\u0119 zar\u00f3wno do typowych plik\u00f3w &#8220;cookies&#8221;, jak i innych mechanizm\u00f3w spe\u0142niaj\u0105cych ten sam cel.<\/p>\n<p>W ramach serwisu stosowane s\u0105 nast\u0119puj\u0105ce rodzaje plik\u00f3w cookies:<\/p>\n<ul>\n<li style=\"text-align: justify;\">\u201eniezb\u0119dne\u201d pliki cookies, umo\u017cliwiaj\u0105ce korzystanie z us\u0142ug dost\u0119pnych w ramach serwisu, np. uwierzytelniaj\u0105ce pliki cookies wykorzystywane do us\u0142ug wymagaj\u0105cych uwierzytelniania w ramach serwisu;<\/li>\n<li>pliki cookies s\u0142u\u017c\u0105ce do zapewnienia bezpiecze\u0144stwa, np. wykorzystywane do wykrywania nadu\u017cy\u0107 w zakresie uwierzytelniania w ramach serwisu;<\/li>\n<li>\u201ewydajno\u015bciowe\u201d pliki cookies, umo\u017cliwiaj\u0105ce zbieranie informacji o sposobie korzystania ze stron internetowych serwisu;<\/li>\n<li>\u201efunkcjonalne\u201d pliki cookies, umo\u017cliwiaj\u0105ce \u201ezapami\u0119tanie\u201d wybranych przez U\u017cytkownika ustawie\u0144 i personalizacj\u0119 interfejsu U\u017cytkownika, np. w zakresie wybranego j\u0119zyka lub regionu, z kt\u00f3rego pochodzi U\u017cytkownik, rozmiaru czcionki, wygl\u0105du strony internetowej itp..<\/li>\n<\/ul>\n<p><strong>W jaki spos\u00f3b pliki &#8220;cookies&#8221; dopasowuj\u0105 serwisy internetowe do potrzeb U\u017cytkownika<\/strong><\/p>\n<p style=\"text-align: justify;\">&#8220;Cookies&#8221; u\u0142atwiaj\u0105 proces dostosowania zawarto\u015bci serwisu internetowego do oczekiwa\u0144 U\u017cytkownik\u00f3w. Analityczne pliki &#8220;cookies&#8221; wykorzystywane s\u0105 w celu oceny statystyk wej\u015b\u0107 do serwisu internetowego, bo dzi\u0119ki nim wiadomo, jakie s\u0105 preferencje i oceny U\u017cytkownik\u00f3w, co pozwala nam ulepsza\u0107 nasze serwisy internetowe. Spos\u00f3b zarz\u0105dzania plikami &#8220;cookies&#8221; przez U\u017cytkownik\u00f3w. Wi\u0119kszo\u015b\u0107 u\u017cywanych przegl\u0105darek, zar\u00f3wno na komputerach, jak i\u00a0smartfonach czy innych urz\u0105dzeniach, domy\u015blnie akceptuje pliki &#8220;cookies&#8221;. W przypadku ch\u0119ci zmiany domy\u015blnych ustawie\u0144 mo\u017cna to zrobi\u0107 za pomoc\u0105 ustawie\u0144 w przegl\u0105darce. W przypadku problem\u00f3w z ustawieniem zmian nale\u017cy skorzysta\u0107 z opcji \u201ePomoc\u201d w menu u\u017cywanej przegl\u0105darki.<\/p>\n<p style=\"text-align: center;\">Informujemy, i\u017c wiele plik\u00f3w \u201ecookies\u201d pozwala na wygodniejsze i efektywniejsze korzystanie<br \/>\nz serwisu. Wy\u0142\u0105czenie ich mo\u017ce spowodowa\u0107 nieprawid\u0142owe wy\u015bwietlanie si\u0119 serwisu w\u00a0przegl\u0105darce.<\/p>\n","protected":false},"excerpt":{"rendered":"<p>Cel wykorzystywania plik\u00f3w cookies oraz zasady korzystania z nich Pliki &#8220;cookies&#8221; u\u017cywane na stronach internetowych wszystkich serwis\u00f3w Medi\u00f3w Regionalnych pozwalaj\u0105 naszym U\u017cytkownikom przede wszystkim na bezpieczne i jak najlepsze korzystanie z\u00a0nich. Pliki &#8220;cookies&#8221; umo\u017cliwiaj\u0105 mi\u0119dzy innymi logowanie do serwisu oraz odpowiedni\u0105 personalizacj\u0119 wy\u015bwietlanych na stronie dokument\u00f3w i informacji. Niniejsza Polityka dotycz\u0105ca plik\u00f3w &#8220;cookies&#8221; wyja\u015bnia, czym [&hellip;]<\/p>\n","protected":false},"author":1,"featured_media":0,"parent":0,"menu_order":6,"comment_status":"closed","ping_status":"closed","template":"","meta":[],"_links":{"self":[{"href":"https:\/\/wsmjasien.pl\/index.php?rest_route=\/wp\/v2\/pages\/680"}],"collection":[{"href":"https:\/\/wsmjasien.pl\/index.php?rest_route=\/wp\/v2\/pages"}],"about":[{"href":"https:\/\/wsmjasien.pl\/index.php?rest_route=\/wp\/v2\/types\/page"}],"author":[{"embeddable":true,"href":"https:\/\/wsmjasien.pl\/index.php?rest_route=\/wp\/v2\/users\/1"}],"replies":[{"embeddable":true,"href":"https:\/\/wsmjasien.pl\/index.php?rest_route=%2Fwp%2Fv2%2Fcomments&post=680"}],"version-history":[{"count":13,"href":"https:\/\/wsmjasien.pl\/index.php?rest_route=\/wp\/v2\/pages\/680\/revisions"}],"predecessor-version":[{"id":694,"href":"https:\/\/wsmjasien.pl\/index.php?rest_route=\/wp\/v2\/pages\/680\/revisions\/694"}],"wp:attachment":[{"href":"https:\/\/wsmjasien.pl\/index.php?rest_route=%2Fwp%2Fv2%2Fmedia&parent=680"}],"curies":[{"name":"wp","href":"https:\/\/api.w.org\/{rel}","templated":true}]}}